{"id":212,"date":"2019-06-20T09:45:07","date_gmt":"2019-06-20T09:45:07","guid":{"rendered":"http:\/\/poor-salmon.w5.wpsandbox.pro\/?post_type=product&#038;p=212"},"modified":"2024-02-14T17:55:37","modified_gmt":"2024-02-14T16:55:37","slug":"alpine","status":"publish","type":"product","link":"https:\/\/iziloc.be\/index.php\/produit\/alpine\/","title":{"rendered":"Alpine A110S"},"content":{"rendered":"<p>Comme pour les supercars, le ch\u00e2ssis de l&#8217;A110 a \u00e9t\u00e9 d\u00e9velopp\u00e9 de toute pi\u00e8ce et con\u00e7u enti\u00e8rement en aluminium. La carrosserie et le soubassement, eux aussi en aluminium, ont \u00e9t\u00e9 rivet\u00e9s et soud\u00e9s pour garantir la rigidit\u00e9 et l\u2019\u00e9quilibre de la structure.<br \/>\nAvec son syst\u00e8me de suspension \u00e0 double triangulation, l&#8217;A110 concilie agilit\u00e9 dans les virages et confort, m\u00eame sur surfaces irr\u00e9guli\u00e8res. L\u2019A110 est \u00e9quip\u00e9e de freins ventil\u00e9s de 320 mm \u00e0 l\u2019avant comme \u00e0 l\u2019arri\u00e8re, et d\u2019\u00e9triers Brembo\u00ae. Les freins Brembo assurent une endurance et une distance de freinage optimales, sur circuit ou sur les lacets d\u2019une route de montagne.\t<\/p>\n","protected":false},"excerpt":{"rendered":"<p><strong>Tarif de location<\/strong><\/p>\n<ul>\n<li>590,00 \u20ac \/ jour <em>| 200km<\/em><\/li>\n<li>973,50 \u20ac \/ w-e (du vendredi au dimanche) <em>| 330km<\/em><\/li>\n<li>2.360,00 \u20ac \/ semaine <em>| 800km<\/em><\/li>\n<\/ul>\n","protected":false},"featured_media":953,"template":"","meta":{"_seopress_robots_primary_cat":"none","_seopress_titles_title":"","_seopress_titles_desc":"","_seopress_robots_index":"","zakra_general_container_width":0,"zakra_general_content_width":0,"zakra_general_sidebar_width":0,"zakra_sticky_header":"customizer","zakra_header_main_area":true,"zakra_site_logo_width":0,"zakra_header_top_enabled":"customizer","zakra_header_top_style":"customizer","zakra_primary_menu_item_style":"customizer","zakra_page_header_text_color":"","zakra_page_header_layout":"customizer","zakra_page_title_bg":"","zakra_footer_widgets_bg_image":0,"zakra_page_title_bg_repeat":"customizer","zakra_page_title_bg_position":"customizer","zakra_page_title_bg_size":"customizer","zakra_page_title_bg_attachment":"customizer","zakra_breadcrumbs_enabled":"customizer","zakra_breadcrumbs_text_color":"","zakra_breadcrumbs_separator_color":"","zakra_breadcrumbs_link_color":"","zakra_breadcrumbs_link_hover_color":"","zakra_page_title_bg_image":0,"zakra_footer_widgets_enabled":"customizer","zakra_footer_column_layout_1_style":"customizer","zakra_footer_widgets_bg":"","zakra_footer_widgets_bg_repeat":"customizer","zakra_footer_widgets_bg_position":"customizer","zakra_footer_widgets_bg_size":"customizer","zakra_footer_widgets_bg_attachment":"customizer","zakra_footer_bar_enabled":"customizer","zakra_footer_bar_style":"customizer","zakra_sidebar_layout":"customizer","zakra_remove_content_margin":false,"zakra_sidebar":"customizer","zakra_transparent_header":"customizer","zakra_logo":0,"zakra_main_header_style":"default","zakra_menu_item_color":"","zakra_menu_item_hover_color":"","zakra_menu_item_active_color":"","zakra_menu_active_style":"zakra_menu_active_style","zakra_page_header":true},"product_brand":[],"product_cat":[24,25],"product_tag":[],"class_list":{"0":"post-212","1":"product","2":"type-product","3":"status-publish","4":"has-post-thumbnail","6":"product_cat-autos","7":"product_cat-gt","8":"zakra-product--style-1","10":"first","11":"instock","12":"sold-individually","13":"shipping-taxable","14":"purchasable","15":"product-type-simple"},"_links":{"self":[{"href":"https:\/\/iziloc.be\/index.php\/wp-json\/wp\/v2\/product\/212","targetHints":{"allow":["GET"]}}],"collection":[{"href":"https:\/\/iziloc.be\/index.php\/wp-json\/wp\/v2\/product"}],"about":[{"href":"https:\/\/iziloc.be\/index.php\/wp-json\/wp\/v2\/types\/product"}],"wp:featuredmedia":[{"embeddable":true,"href":"https:\/\/iziloc.be\/index.php\/wp-json\/wp\/v2\/media\/953"}],"wp:attachment":[{"href":"https:\/\/iziloc.be\/index.php\/wp-json\/wp\/v2\/media?parent=212"}],"wp:term":[{"taxonomy":"product_brand","embeddable":true,"href":"https:\/\/iziloc.be\/index.php\/wp-json\/wp\/v2\/product_brand?post=212"},{"taxonomy":"product_cat","embeddable":true,"href":"https:\/\/iziloc.be\/index.php\/wp-json\/wp\/v2\/product_cat?post=212"},{"taxonomy":"product_tag","embeddable":true,"href":"https:\/\/iziloc.be\/index.php\/wp-json\/wp\/v2\/product_tag?post=212"}],"curies":[{"name":"wp","href":"https:\/\/api.w.org\/{rel}","templated":true}]}}