{"id":214,"date":"2019-06-20T09:47:42","date_gmt":"2019-06-20T09:47:42","guid":{"rendered":"http:\/\/poor-salmon.w5.wpsandbox.pro\/?post_type=product&#038;p=214"},"modified":"2024-02-14T17:51:44","modified_gmt":"2024-02-14T16:51:44","slug":"tronconneuse-batterie","status":"publish","type":"product","link":"https:\/\/iziloc.be\/index.php\/produit\/tronconneuse-batterie\/","title":{"rendered":"Tron\u00e7onneuse sur batterie"},"content":{"rendered":"<p>Cette tron\u00e7onneuse fonctionne gr\u00e2ce \u00e0 une batterie Lithium-Ion de 36 V 5 Ah. La longueur de son guide est de 35 cm. Sa cha\u00eene a une vitesse est de 21 m\/s.<\/p>\n<p>Cette tron\u00e7onneuse est \u00e9quip\u00e9e d&#8217;une large poign\u00e9e ergonomique micro-alv\u00e9ol\u00e9e pour une prise en main ferme et confortable et une meilleure ma\u00eetrise de la machine. De plus, elle poss\u00e8de un syst\u00e8me antivibration qui permet de r\u00e9duire la fatigue lors de longues sessions de travail.<\/p>\n<p>Cet outil est \u00e9quip\u00e9 d&#8217;une pompe \u00e0 huile qui assure une lubrification automatique de la cha\u00eene. Le niveau d&#8217;huile est visible pour un contr\u00f4le rapide et facile.<\/p>\n","protected":false},"excerpt":{"rendered":"<p><strong>Tarif de location<\/strong><\/p>\n<ul>\n<li>20,00 \u20ac \/ jour<\/li>\n<li>33,00 \u20ac \/ w-e (du vendredi au dimanche)<\/li>\n<li>80,00 \u20ac \/ semaine<\/li>\n<\/ul>\n","protected":false},"featured_media":945,"template":"","meta":{"_seopress_robots_primary_cat":"none","_seopress_titles_title":"","_seopress_titles_desc":"","_seopress_robots_index":"","zakra_general_container_width":0,"zakra_general_content_width":0,"zakra_general_sidebar_width":0,"zakra_sticky_header":"customizer","zakra_header_main_area":true,"zakra_site_logo_width":0,"zakra_header_top_enabled":"customizer","zakra_header_top_style":"customizer","zakra_primary_menu_item_style":"customizer","zakra_page_header_text_color":"","zakra_page_header_layout":"customizer","zakra_page_title_bg":"","zakra_footer_widgets_bg_image":0,"zakra_page_title_bg_repeat":"customizer","zakra_page_title_bg_position":"customizer","zakra_page_title_bg_size":"customizer","zakra_page_title_bg_attachment":"customizer","zakra_breadcrumbs_enabled":"customizer","zakra_breadcrumbs_text_color":"","zakra_breadcrumbs_separator_color":"","zakra_breadcrumbs_link_color":"","zakra_breadcrumbs_link_hover_color":"","zakra_page_title_bg_image":0,"zakra_footer_widgets_enabled":"customizer","zakra_footer_column_layout_1_style":"customizer","zakra_footer_widgets_bg":"","zakra_footer_widgets_bg_repeat":"customizer","zakra_footer_widgets_bg_position":"customizer","zakra_footer_widgets_bg_size":"customizer","zakra_footer_widgets_bg_attachment":"customizer","zakra_footer_bar_enabled":"customizer","zakra_footer_bar_style":"customizer","zakra_sidebar_layout":"customizer","zakra_remove_content_margin":false,"zakra_sidebar":"customizer","zakra_transparent_header":"customizer","zakra_logo":0,"zakra_main_header_style":"default","zakra_menu_item_color":"","zakra_menu_item_hover_color":"","zakra_menu_item_active_color":"","zakra_menu_active_style":"zakra_menu_active_style","zakra_page_header":true},"product_brand":[],"product_cat":[47,22],"product_tag":[],"class_list":{"0":"post-214","1":"product","2":"type-product","3":"status-publish","4":"has-post-thumbnail","6":"product_cat-jardinage","7":"product_cat-outillage","8":"zakra-product--style-1","10":"first","11":"instock","12":"sold-individually","13":"shipping-taxable","14":"purchasable","15":"product-type-simple"},"_links":{"self":[{"href":"https:\/\/iziloc.be\/index.php\/wp-json\/wp\/v2\/product\/214","targetHints":{"allow":["GET"]}}],"collection":[{"href":"https:\/\/iziloc.be\/index.php\/wp-json\/wp\/v2\/product"}],"about":[{"href":"https:\/\/iziloc.be\/index.php\/wp-json\/wp\/v2\/types\/product"}],"wp:featuredmedia":[{"embeddable":true,"href":"https:\/\/iziloc.be\/index.php\/wp-json\/wp\/v2\/media\/945"}],"wp:attachment":[{"href":"https:\/\/iziloc.be\/index.php\/wp-json\/wp\/v2\/media?parent=214"}],"wp:term":[{"taxonomy":"product_brand","embeddable":true,"href":"https:\/\/iziloc.be\/index.php\/wp-json\/wp\/v2\/product_brand?post=214"},{"taxonomy":"product_cat","embeddable":true,"href":"https:\/\/iziloc.be\/index.php\/wp-json\/wp\/v2\/product_cat?post=214"},{"taxonomy":"product_tag","embeddable":true,"href":"https:\/\/iziloc.be\/index.php\/wp-json\/wp\/v2\/product_tag?post=214"}],"curies":[{"name":"wp","href":"https:\/\/api.w.org\/{rel}","templated":true}]}}